{"id":299,"date":"2013-08-13T14:52:52","date_gmt":"2013-08-13T14:52:52","guid":{"rendered":"http:\/\/envision.wptation.com\/?page_id=299"},"modified":"2013-08-13T14:52:52","modified_gmt":"2013-08-13T14:52:52","slug":"about-us","status":"publish","type":"page","link":"http:\/\/volkanjenerator.com.tr\/?page_id=299","title":{"rendered":"Hakk\u0131m\u0131zda"},"content":{"rendered":"<div class=\"ui-row row\">\n <div   class=\"ui-column span6\"><div class=\"ui--title ui--animation ui--title-bordered text-left\"><div class=\"ui--title-holder\"><h3 class=\"ui--title-text\"><strong>Biz Kimiz?<\/strong><\/h3><div class=\"ui--title-borders ui--title-border-left\"><\/div><div class=\"ui--title-borders ui--title-border-right\"><\/div><\/div><\/div><h1 class=\"dropcap\"><strong>V<\/strong><\/h1><p>olkan Jenerat\u00f6r ve So\u011futma San. Tic. Ltd. \u015eti.<br \/>\nVolkan Jenerat\u00f6r Tecr\u00fcbeli Kadrosu \u0130le Portatif Jenerat\u00f6r, Dizel Jenerat\u00f6r, Do\u011falgazl\u0131 Jenerat\u00f6r Sat\u0131\u015f\u0131, Jenerator Sat\u0131\u015f Sonras\u0131 Hizmetleri, 2. El Jenerat\u00f6r Al\u0131m\u0131 Ve Sat\u0131\u015f\u0131, Jenerat\u00f6r Servis ve Periyodik Bak\u0131m, Jenerat\u00f6r Yedek Par\u00e7a, Jenerat\u00f6r Kumanda Ve Transfer Pano \u0130malat\u0131, ke\u015fif, montaj ve nakliye \u00e7\u00f6z\u00fcmleri, Jenerat\u00f6r Uzaktan \u0130zleme Sistemleri, Jenerat\u00f6r Ses \u0130zolasyon Ve Havaland\u0131rma Sistemleri Konular\u0131nda Hizmet Vermektedir.<\/p>\n<div class=\"ui-row row\">\n <div   class=\"ui-column span6\"><a class=\"btn btn-normal btn-block btn-icon-left btn-primary ui--animation\" href=\"#\" style=\"\">Anasayfa<\/a><\/div> \n\n <div   class=\"ui-column span6\"><a class=\"btn btn-normal btn-block btn-icon-left btn-secondary ui--animation\" href=\"http:\/\/volkanjenerator.com.tr\/career\/\" style=\"\">\u0130leti\u015fim<\/a><\/div> \n\n<\/div><\/div> \n\n <div   class=\"ui-column span6\"><div class=\"ui--image-wrap clearfix\" style=\"margin-top: 40px;  margin-left: -20px;\"><img loading=\"lazy\" decoding=\"async\" width=\"273\" height=\"94\" src=\"http:\/\/volkanjenerator.com.tr\/wp-content\/uploads\/2025\/05\/volkan_jeneratort.png\" class=\"ui--image ui--animation\" alt=\"\" title=\"volkan_jeneratort\" id=\"ui--image-1\" \/><\/div><\/div> \n\n<\/div> \n<div  class=\"ui--space clearfix\" data-responsive=\"{&quot;css&quot;:{&quot;height&quot;:{&quot;phone&quot;:null,&quot;tablet&quot;:null,&quot;widescreen&quot;:null}}}\"><\/div><div  class=\"fullwidth-content ui--section clearfix\" style=\"margin-bottom: 30px;\"><div  class=\"ui--section-content\" style=\"padding-top: 30px;  padding-bottom: 12px;\"><div class=\"container\"><div  class=\"ui--tagline-box-wrapper ui--animation clearfix\" style=\"margin-top: 18px;\"><div  id=\"tagline-1\" class=\"ui--tagline-box ui-row clearfix ui--tagline-box-custom-color radius-3px\" data-responsive=\"{&quot;css&quot;:{&quot;min-height&quot;:{&quot;phone&quot;:&quot;auto&quot;,&quot;tablet&quot;:&quot;auto&quot;,&quot;widescreen&quot;:&quot;&quot;}}}\"><div  class=\"ui--tagline-background-container ui--tagline-background-overlay radius-3px\"><\/div><div  class=\"ui--tagline-background-container ui--tagline-background-image radius-3px\"><\/div><div  class=\"ui--tagline-content\"><div class=\"ui-row row\">\n <div   class=\"ui-column span9\"><div  class=\"ui--animation-in make--fx--fadein-ltr ui--pass clearfix\" data-fx=\"fx--fadein-ltr\" data-delay=\"400\" data-start-delay=\"0\"><h3 id=\"custom-title-h3-1\" class=\"ui--animation \" style=\"margin-bottom: 0px; \">Jenerat\u00f6r \u0130le Alakal\u0131 , T\u00fcm Sorular\u0131n\u0131z \u0130\u00e7in <strong>\u0130rtibata<\/strong> Ge\u00e7ebilirsiniz<\/h3><div class=\"auto-format ui--animation\"><\/div><\/div><\/div> \n\n <div   class=\"ui-column span3\"><div  class=\"ui--animation-in make--fx--fadein-rtl ui--pass clearfix\" data-fx=\"fx--fadein-rtl\" data-delay=\"150\" data-start-delay=\"0\"><div class=\"text-center ui--animation\"><a class=\"btn btn-large btn-block btn-icon-left btn-yellow\" href=\"https:\/\/volkanjenerator.com.tr\/?page_id=370\" style=\"\">\u0130leti\u015fim<\/a> <\/div><\/div><\/div> \n\n<\/div> \n<\/div><\/div><div class=\"ui--shadow ui--shadow-type-2  clearfix\"><img decoding=\"async\" src=\"http:\/\/volkanjenerator.com.tr\/wp-content\/themes\/envision\/includes\/modules\/module.shadow\/shadows\/shadow-2.png\" alt=\"shadow\" \/><\/div><\/div><\/div><\/div><\/div><!-- \/.fullwidth-container -->","protected":false},"excerpt":{"rendered":"<p>Biz Kimiz?Volkan Jenerat\u00f6r ve So\u011futma San. Tic. Ltd. \u015eti. Volkan Jenerat\u00f6r Tecr\u00fcbeli Kadrosu \u0130le Portatif Jenerat\u00f6r, Dizel Jenerat\u00f6r, Do\u011falgazl\u0131 Jenerat\u00f6r Sat\u0131\u015f\u0131, Jenerator Sat\u0131\u015f Sonras\u0131 Hizmetleri, 2. El Jenerat\u00f6r Al\u0131m\u0131 Ve Sat\u0131\u015f\u0131, Jenerat\u00f6r Servis ve Periyodik Bak\u0131m, Jenerat\u00f6r Yedek Par\u00e7a, Jenerat\u00f6r Kumanda Ve Transfer Pano \u0130malat\u0131, ke\u015fif, montaj ve nakliye \u00e7\u00f6z\u00fcmleri, Jenerat\u00f6r Uzaktan \u0130zleme Sistemleri, Jenerat\u00f6r [&hellip;]<\/p>\n","protected":false},"author":1,"featured_media":0,"parent":0,"menu_order":0,"comment_status":"closed","ping_status":"open","template":"","meta":{"footnotes":""},"class_list":["post-299","page","type-page","status-publish","hentry"],"_links":{"self":[{"href":"http:\/\/volkanjenerator.com.tr\/index.php?rest_route=\/wp\/v2\/pages\/299","targetHints":{"allow":["GET"]}}],"collection":[{"href":"http:\/\/volkanjenerator.com.tr\/index.php?rest_route=\/wp\/v2\/pages"}],"about":[{"href":"http:\/\/volkanjenerator.com.tr\/index.php?rest_route=\/wp\/v2\/types\/page"}],"author":[{"embeddable":true,"href":"http:\/\/volkanjenerator.com.tr\/index.php?rest_route=\/wp\/v2\/users\/1"}],"replies":[{"embeddable":true,"href":"http:\/\/volkanjenerator.com.tr\/index.php?rest_route=%2Fwp%2Fv2%2Fcomments&post=299"}],"version-history":[{"count":0,"href":"http:\/\/volkanjenerator.com.tr\/index.php?rest_route=\/wp\/v2\/pages\/299\/revisions"}],"wp:attachment":[{"href":"http:\/\/volkanjenerator.com.tr\/index.php?rest_route=%2Fwp%2Fv2%2Fmedia&parent=299"}],"curies":[{"name":"wp","href":"https:\/\/api.w.org\/{rel}","templated":true}]}}