{"id":1438,"date":"2025-05-13T09:42:20","date_gmt":"2025-05-13T09:42:20","guid":{"rendered":"https:\/\/volkanjenerator.com.tr\/?page_id=1438"},"modified":"2025-05-13T09:42:20","modified_gmt":"2025-05-13T09:42:20","slug":"2-el-jenerator","status":"publish","type":"page","link":"http:\/\/volkanjenerator.com.tr\/?page_id=1438","title":{"rendered":"2. El Jenerat\u00f6r"},"content":{"rendered":"<div class=\"ui-row row\">\n <div   class=\"ui-column span4\"><div class=\"ui--animation ui--button-wrapper\" style=\"\"><div class=\"ui--inline-block\"><a class=\"btn btn-large btn-icon-left btn-primary\" href=\"http:\/\/www.volkanjenerator.com.tr\/?page_id=652\">Alibeyk\u00f6y Jenerat\u00f6r Servisi<\/a> <div class=\"ui--shadow ui--shadow-type-2 ui--shadow-abs clearfix\"><img decoding=\"async\" src=\"http:\/\/volkanjenerator.com.tr\/wp-content\/themes\/envision\/includes\/modules\/module.shadow\/shadows\/shadow-2.png\" alt=\"shadow\" \/><\/div><\/div><\/div><div class=\"ui--animation ui--button-wrapper\" style=\"\"><div class=\"ui--inline-block\"><a class=\"btn btn-large btn-icon-left btn-primary\" href=\"http:\/\/www.volkanjenerator.com.tr\/?page_id=652\">Avc\u0131lar Jenerat\u00f6r Servisi<\/a> <div class=\"ui--shadow ui--shadow-type-1 ui--shadow-abs clearfix\"><img decoding=\"async\" src=\"http:\/\/volkanjenerator.com.tr\/wp-content\/themes\/envision\/includes\/modules\/module.shadow\/shadows\/shadow-1.png\" alt=\"shadow\" \/><\/div><\/div><\/div><div class=\"ui--animation ui--button-wrapper\" style=\"\"><div class=\"ui--inline-block\"><a class=\"btn btn-large btn-icon-left btn-primary\" href=\"http:\/\/www.volkanjenerator.com.tr\/?page_id=652\">Ba\u011fc\u0131lar Jenerat\u00f6r Servisi<\/a> <div class=\"ui--shadow ui--shadow-type-1 ui--shadow-abs clearfix\"><img decoding=\"async\" src=\"http:\/\/volkanjenerator.com.tr\/wp-content\/themes\/envision\/includes\/modules\/module.shadow\/shadows\/shadow-1.png\" alt=\"shadow\" \/><\/div><\/div><\/div><div class=\"ui--animation ui--button-wrapper\" style=\"\"><div class=\"ui--inline-block\"><a class=\"btn btn-large btn-icon-left btn-primary\" href=\"http:\/\/www.volkanjenerator.com.tr\/?page_id=652\">Ba\u015fak\u015fehir Jenerat\u00f6r Servisi<\/a> <div class=\"ui--shadow ui--shadow-type-1 ui--shadow-abs clearfix\"><img decoding=\"async\" src=\"http:\/\/volkanjenerator.com.tr\/wp-content\/themes\/envision\/includes\/modules\/module.shadow\/shadows\/shadow-1.png\" alt=\"shadow\" \/><\/div><\/div><\/div><div class=\"ui--animation ui--button-wrapper\" style=\"\"><div class=\"ui--inline-block\"><a class=\"btn btn-large btn-icon-left btn-primary\" href=\"http:\/\/www.volkanjenerator.com.tr\/?page_id=652\">Be\u015fikta\u015f Jenerat\u00f6r Servisi<\/a> <div class=\"ui--shadow ui--shadow-type-1 ui--shadow-abs clearfix\"><img decoding=\"async\" src=\"http:\/\/volkanjenerator.com.tr\/wp-content\/themes\/envision\/includes\/modules\/module.shadow\/shadows\/shadow-1.png\" alt=\"shadow\" \/><\/div><\/div><\/div><div class=\"ui--animation ui--button-wrapper\" style=\"\"><div class=\"ui--inline-block\"><a class=\"btn btn-large btn-icon-left btn-primary\" href=\"http:\/\/www.volkanjenerator.com.tr\/?page_id=652\">Beylikd\u00fcz\u00fc Jenerat\u00f6r Servisi<\/a> <div class=\"ui--shadow ui--shadow-type-1 ui--shadow-abs clearfix\"><img decoding=\"async\" src=\"http:\/\/volkanjenerator.com.tr\/wp-content\/themes\/envision\/includes\/modules\/module.shadow\/shadows\/shadow-1.png\" alt=\"shadow\" \/><\/div><\/div><\/div><div class=\"ui--animation ui--button-wrapper\" style=\"\"><div class=\"ui--inline-block\"><a class=\"btn btn-large btn-icon-left btn-primary\" href=\"http:\/\/www.volkanjenerator.com.tr\/?page_id=652\">Beyo\u011flu Jenerat\u00f6r Servisi<\/a> <div class=\"ui--shadow ui--shadow-type-1 ui--shadow-abs clearfix\"><img decoding=\"async\" src=\"http:\/\/volkanjenerator.com.tr\/wp-content\/themes\/envision\/includes\/modules\/module.shadow\/shadows\/shadow-1.png\" alt=\"shadow\" \/><\/div><\/div><\/div><div class=\"ui--animation ui--button-wrapper\" style=\"\"><div class=\"ui--inline-block\"><a class=\"btn btn-large btn-icon-left btn-primary\" href=\"http:\/\/www.volkanjenerator.com.tr\/?page_id=652\">B\u00fcy\u00fck\u00e7ekmece Jenerat\u00f6r Servisi<\/a> <div class=\"ui--shadow ui--shadow-type-1 ui--shadow-abs clearfix\"><img decoding=\"async\" src=\"http:\/\/volkanjenerator.com.tr\/wp-content\/themes\/envision\/includes\/modules\/module.shadow\/shadows\/shadow-1.png\" alt=\"shadow\" \/><\/div><\/div><\/div><div class=\"ui--animation ui--button-wrapper\" style=\"\"><div class=\"ui--inline-block\"><a class=\"btn btn-large btn-icon-left btn-primary\" href=\"http:\/\/www.volkanjenerator.com.tr\/?page_id=652\">Esenler Jenerat\u00f6r Servisi<\/a> <div class=\"ui--shadow ui--shadow-type-1 ui--shadow-abs clearfix\"><img decoding=\"async\" src=\"http:\/\/volkanjenerator.com.tr\/wp-content\/themes\/envision\/includes\/modules\/module.shadow\/shadows\/shadow-1.png\" alt=\"shadow\" \/><\/div><\/div><\/div><div class=\"ui--animation ui--button-wrapper\" style=\"\"><div class=\"ui--inline-block\"><a class=\"btn btn-large btn-icon-left btn-primary\" href=\"http:\/\/www.volkanjenerator.com.tr\/?page_id=652\">Esenyurt Jenerat\u00f6r Servisi<\/a> <div class=\"ui--shadow ui--shadow-type-1 ui--shadow-abs clearfix\"><img decoding=\"async\" src=\"http:\/\/volkanjenerator.com.tr\/wp-content\/themes\/envision\/includes\/modules\/module.shadow\/shadows\/shadow-1.png\" alt=\"shadow\" \/><\/div><\/div><\/div><div class=\"ui--animation ui--button-wrapper\" style=\"\"><div class=\"ui--inline-block\"><a class=\"btn btn-large btn-icon-left btn-primary\" href=\"http:\/\/www.volkanjenerator.com.tr\/?page_id=652\">\u0130kitelli Jenerat\u00f6r Servisi<\/a> <div class=\"ui--shadow ui--shadow-type-1 ui--shadow-abs clearfix\"><img decoding=\"async\" src=\"http:\/\/volkanjenerator.com.tr\/wp-content\/themes\/envision\/includes\/modules\/module.shadow\/shadows\/shadow-1.png\" alt=\"shadow\" \/><\/div><\/div><\/div><div class=\"ui--animation ui--button-wrapper\" style=\"\"><div class=\"ui--inline-block\"><a class=\"btn btn-large btn-icon-left btn-primary\" href=\"http:\/\/www.volkanjenerator.com.tr\/?page_id=652\">Kad\u0131k\u00f6y Jenerat\u00f6r Servisi<\/a> <div class=\"ui--shadow ui--shadow-type-1 ui--shadow-abs clearfix\"><img decoding=\"async\" src=\"http:\/\/volkanjenerator.com.tr\/wp-content\/themes\/envision\/includes\/modules\/module.shadow\/shadows\/shadow-1.png\" alt=\"shadow\" \/><\/div><\/div><\/div><div class=\"ui--animation ui--button-wrapper\" style=\"\"><div class=\"ui--inline-block\"><a class=\"btn btn-large btn-icon-left btn-primary\" href=\"http:\/\/www.volkanjenerator.com.tr\/?page_id=652\">Ka\u011f\u0131thaneJenerat\u00f6r Servisi<\/a> <div class=\"ui--shadow ui--shadow-type-1 ui--shadow-abs clearfix\"><img decoding=\"async\" src=\"http:\/\/volkanjenerator.com.tr\/wp-content\/themes\/envision\/includes\/modules\/module.shadow\/shadows\/shadow-1.png\" alt=\"shadow\" \/><\/div><\/div><\/div><div class=\"ui--animation ui--button-wrapper\" style=\"\"><div class=\"ui--inline-block\"><a class=\"btn btn-large btn-icon-left btn-primary\" href=\"http:\/\/www.volkanjenerator.com.tr\/?page_id=652\">Kartal Jenerat\u00f6r Servisi<\/a> <div class=\"ui--shadow ui--shadow-type-1 ui--shadow-abs clearfix\"><img decoding=\"async\" src=\"http:\/\/volkanjenerator.com.tr\/wp-content\/themes\/envision\/includes\/modules\/module.shadow\/shadows\/shadow-1.png\" alt=\"shadow\" \/><\/div><\/div><\/div><div class=\"ui--animation ui--button-wrapper\" style=\"\"><div class=\"ui--inline-block\"><a class=\"btn btn-large btn-icon-left btn-primary\" href=\"http:\/\/www.volkanjenerator.com.tr\/?page_id=652\">K\u00fc\u00e7\u00fck\u00e7ekmece Jenerat\u00f6r Servisi<\/a> <div class=\"ui--shadow ui--shadow-type-1 ui--shadow-abs clearfix\"><img decoding=\"async\" src=\"http:\/\/volkanjenerator.com.tr\/wp-content\/themes\/envision\/includes\/modules\/module.shadow\/shadows\/shadow-1.png\" alt=\"shadow\" \/><\/div><\/div><\/div><div class=\"ui--animation ui--button-wrapper\" style=\"\"><div class=\"ui--inline-block\"><a class=\"btn btn-large btn-icon-left btn-primary\" href=\"http:\/\/www.volkanjenerator.com.tr\/?page_id=652\">Maltepe Jenerat\u00f6r Servisi<\/a> <div class=\"ui--shadow ui--shadow-type-1 ui--shadow-abs clearfix\"><img decoding=\"async\" src=\"http:\/\/volkanjenerator.com.tr\/wp-content\/themes\/envision\/includes\/modules\/module.shadow\/shadows\/shadow-1.png\" alt=\"shadow\" \/><\/div><\/div><\/div><div class=\"ui--animation ui--button-wrapper\" style=\"\"><div class=\"ui--inline-block\"><a class=\"btn btn-large btn-icon-left btn-primary\" href=\"http:\/\/www.volkanjenerator.com.tr\/?page_id=652\">Sar\u0131yer Jenerat\u00f6r Servisi<\/a> <div class=\"ui--shadow ui--shadow-type-1 ui--shadow-abs clearfix\"><img decoding=\"async\" src=\"http:\/\/volkanjenerator.com.tr\/wp-content\/themes\/envision\/includes\/modules\/module.shadow\/shadows\/shadow-1.png\" alt=\"shadow\" \/><\/div><\/div><\/div><div class=\"ui--animation ui--button-wrapper\" style=\"\"><div class=\"ui--inline-block\"><a class=\"btn btn-large btn-icon-left btn-primary\" href=\"http:\/\/www.volkanjenerator.com.tr\/?page_id=652\">\u015ei\u015fli Jenerat\u00f6r Servisi<\/a> <div class=\"ui--shadow ui--shadow-type-1 ui--shadow-abs clearfix\"><img decoding=\"async\" src=\"http:\/\/volkanjenerator.com.tr\/wp-content\/themes\/envision\/includes\/modules\/module.shadow\/shadows\/shadow-1.png\" alt=\"shadow\" \/><\/div><\/div><\/div><div class=\"ui--animation ui--button-wrapper\" style=\"\"><div class=\"ui--inline-block\"><a class=\"btn btn-large btn-icon-left btn-primary\" href=\"http:\/\/www.volkanjenerator.com.tr\/?page_id=652\">\u00dcmraniye Jenerat\u00f6r Servisi<\/a> <div class=\"ui--shadow ui--shadow-type-1 ui--shadow-abs clearfix\"><img decoding=\"async\" src=\"http:\/\/volkanjenerator.com.tr\/wp-content\/themes\/envision\/includes\/modules\/module.shadow\/shadows\/shadow-1.png\" alt=\"shadow\" \/><\/div><\/div><\/div><div class=\"ui--animation ui--button-wrapper\" style=\"\"><div class=\"ui--inline-block\"><a class=\"btn btn-large btn-icon-left btn-primary\" href=\"http:\/\/www.volkanjenerator.com.tr\/?page_id=652\">\u00dcsk\u00fcdar Jenerat\u00f6r Servisi<\/a> <div class=\"ui--shadow ui--shadow-type-1 ui--shadow-abs clearfix\"><img decoding=\"async\" src=\"http:\/\/volkanjenerator.com.tr\/wp-content\/themes\/envision\/includes\/modules\/module.shadow\/shadows\/shadow-1.png\" alt=\"shadow\" \/><\/div><\/div><\/div><\/div> \n\n <div   class=\"ui-column span8\"><div class=\"ui--image-wrap clearfix\"><img loading=\"lazy\" decoding=\"async\" width=\"500\" height=\"372\" src=\"http:\/\/volkanjenerator.com.tr\/wp-content\/uploads\/2025\/05\/Generator-PNG-File.png\" class=\"ui--image ui--animation\" alt=\"\" title=\"Generator-PNG-File\" id=\"ui--image-1\" srcset=\"http:\/\/volkanjenerator.com.tr\/wp-content\/uploads\/2025\/05\/Generator-PNG-File.png 500w, http:\/\/volkanjenerator.com.tr\/wp-content\/uploads\/2025\/05\/Generator-PNG-File-300x223.png 300w\" sizes=\"auto, (max-width: 500px) 100vw, 500px\" \/><\/div><div  class=\"ui--divider ui--animation clearfix ui--divider-dashed-line fullwidth-content\" style=\"margin-bottom: 48px;\"><\/div><div class=\"auto-format ui--animation\"><p><strong> 2. EL JENERAT\u00d6R ALIM VE SATI\u015e H\u0130ZMETLER\u0130<\/strong><br \/>\nKalite kontrol testlerinden ge\u00e7irilmi\u015f ve b\u00fct\u00fcn bak\u0131mlar\u0131 yap\u0131lm\u0131\u015f jenerat\u00f6r gruplar\u0131 taraf\u0131m\u0131zdan sat\u0131\u015fa sunulmakta ve sat\u0131lan 2. el jenerat\u00f6r gruplar\u0131 periyodik bak\u0131m anla\u015fmas\u0131 ile birlikte garanti kapsam\u0131na al\u0131nmaktad\u0131r.<br \/>\n2. El Jenerat\u00f6r Al\u0131rken Dikkat Edilmesi Gereken Hususlar;<br \/>\n2. El Jenerat\u00f6r Sat\u0131n Al\u0131rken Dikkat Edilmesi Gereken En \u00d6nemli Husus Jenerat\u00f6r\u00fcn \u00c7al\u0131\u015fma Saatidir. Jenerat\u00f6r\u00fcn \u00c7al\u0131\u015fma Saati Jenerat\u00f6r\u00fcn ne Kadar Kullan\u0131ld\u0131\u011f\u0131 ve ne Kadar Verimli Olabilece\u011fi Belirlenmesine Yard\u0131mc\u0131 Olur. Daha Az \u00c7al\u0131\u015fma S\u00fcresine Sahip Jenerat\u00f6rler Daha Uzun \u00d6m\u00fcrl\u00fc Olup Daha Az Bak\u0131m Gerektirebilir. Bu Nedenle Jenerat\u00f6r\u00fcn \u00c7al\u0131\u015fma Saatini \u00d6\u011frenmek \u00d6nemlidir.<\/p>\n<p>2. El Jenerat\u00f6r Al\u0131rken Dikkat Etmemiz Gereken Di\u011fer Bir Husus Jenerat\u00f6r\u00fcn Bak\u0131m Ge\u00e7mi\u015fini \u0130ncelemek Olacakt\u0131r. D\u00fczenli Bak\u0131m Yap\u0131lm\u0131\u015f Jenerat\u00f6rler Daha Verimli Ve Daha Uzun \u00d6m\u00fcrl\u00fc Olacakt\u0131r.<\/p>\n<p>Son Olarak Jenerat\u00f6r\u00fcn Fiziksel Durumunun De\u011ferlendirilmesi Gerekir. Paslanma, Ya\u011f S\u0131z\u0131nt\u0131lar\u0131 ve Mekanik Hasarlar Gibi Fiziksel Kusurlar Jenerat\u00f6r\u00fcn \u00d6nceki Kullan\u0131m Ko\u015fullar\u0131 Hakk\u0131nda Bilgi Verir.<\/p>\n<p>ADRES<\/p>\n<p>Giyim Ve Sanatkarlar San. Sit 2. Ada B Blok No:23, 1. \u0130kitelli Cad., Beylikd\u00fcz\u00fc \/ \u0130stanbul <\/p>\n<p>TELEFON<\/p>\n<p>Tel: (0536) 396 70 17<br \/>\nTel: (0505) 328 15 80<\/p>\n<\/div><div id=\"ui--gallery-1\" class=\"ui--gallery ui--pass\" data-columns=\"3\"><div class=\"unstyled-all clearfix ui--gallery-wrapper columns-3 \"><div class=\"ui-row row\">\n <div   class=\"ui-column span4\"><div class=\"ui--gallery-item ui--animation\"><div class=\"inner\"><a href=\"http:\/\/volkanjenerator.com.tr\/wp-content\/uploads\/2025\/05\/aap-1200-gorsel.png\" target=\"_blank\" data-rel=\"prettyPhoto[ui--gallery-1]\"><img loading=\"lazy\" decoding=\"async\" width=\"452\" height=\"373\" src=\"http:\/\/volkanjenerator.com.tr\/wp-content\/uploads\/2025\/05\/aap-1200-gorsel.png\" class=\"attachment-custom_500x500x1 size-custom_500x500x1\" alt=\"\" srcset=\"http:\/\/volkanjenerator.com.tr\/wp-content\/uploads\/2025\/05\/aap-1200-gorsel.png 452w, http:\/\/volkanjenerator.com.tr\/wp-content\/uploads\/2025\/05\/aap-1200-gorsel-300x248.png 300w\" sizes=\"auto, (max-width: 452px) 100vw, 452px\" \/><div class=\"ui--gallery-overlay\"><div class=\"center\"><span class=\"btn btn-normal btn-icon-left btn-grey ui--animation\" href=\"#\" style=\"\"><i class=\"ui--icon fontawesome-fullscreen\"><\/i><\/span> <\/div><\/div><\/a><\/div><\/div><\/div> \n\n <div   class=\"ui-column span4\"><div class=\"ui--gallery-item ui--animation\"><div class=\"inner\"><a href=\"http:\/\/volkanjenerator.com.tr\/wp-content\/uploads\/2025\/05\/Power-Generator-PNG-Transparent-Picture-1.png\" target=\"_blank\" data-rel=\"prettyPhoto[ui--gallery-1]\"><img loading=\"lazy\" decoding=\"async\" width=\"500\" height=\"500\" src=\"http:\/\/volkanjenerator.com.tr\/wp-content\/uploads\/2025\/05\/Power-Generator-PNG-Transparent-Picture-1-500x500.png\" class=\"attachment-custom_500x500x1 size-custom_500x500x1\" alt=\"\" srcset=\"http:\/\/volkanjenerator.com.tr\/wp-content\/uploads\/2025\/05\/Power-Generator-PNG-Transparent-Picture-1-500x500.png 500w, http:\/\/volkanjenerator.com.tr\/wp-content\/uploads\/2025\/05\/Power-Generator-PNG-Transparent-Picture-1-150x150.png 150w\" sizes=\"auto, (max-width: 500px) 100vw, 500px\" \/><div class=\"ui--gallery-overlay\"><div class=\"center\"><span class=\"btn btn-normal btn-icon-left btn-grey ui--animation\" href=\"#\" style=\"\"><i class=\"ui--icon fontawesome-fullscreen\"><\/i><\/span> <\/div><\/div><\/a><\/div><\/div><\/div> \n\n <div   class=\"ui-column span4\"><div class=\"ui--gallery-item ui--animation\"><div class=\"inner\"><a href=\"http:\/\/volkanjenerator.com.tr\/wp-content\/uploads\/2025\/05\/kisscc0-electric-generator-diesel-generator-diesel-engine-generator-5b5efbfc4877b9.6013656415329515482968.jpg\" target=\"_blank\" data-rel=\"prettyPhoto[ui--gallery-1]\"><img loading=\"lazy\" decoding=\"async\" width=\"500\" height=\"500\" src=\"http:\/\/volkanjenerator.com.tr\/wp-content\/uploads\/2025\/05\/kisscc0-electric-generator-diesel-generator-diesel-engine-generator-5b5efbfc4877b9.6013656415329515482968-500x500.jpg\" class=\"attachment-custom_500x500x1 size-custom_500x500x1\" alt=\"\" srcset=\"http:\/\/volkanjenerator.com.tr\/wp-content\/uploads\/2025\/05\/kisscc0-electric-generator-diesel-generator-diesel-engine-generator-5b5efbfc4877b9.6013656415329515482968-500x500.jpg 500w, http:\/\/volkanjenerator.com.tr\/wp-content\/uploads\/2025\/05\/kisscc0-electric-generator-diesel-generator-diesel-engine-generator-5b5efbfc4877b9.6013656415329515482968-150x150.jpg 150w\" sizes=\"auto, (max-width: 500px) 100vw, 500px\" \/><div class=\"ui--gallery-overlay\"><div class=\"center\"><span class=\"btn btn-normal btn-icon-left btn-grey ui--animation\" href=\"#\" style=\"\"><i class=\"ui--icon fontawesome-fullscreen\"><\/i><\/span> <\/div><\/div><\/a><\/div><\/div><\/div> \n\n<\/div> \n<div class=\"ui-row row\">\n <div   class=\"ui-column span4\"><div class=\"ui--gallery-item ui--animation\"><div class=\"inner\"><a href=\"http:\/\/volkanjenerator.com.tr\/wp-content\/uploads\/2025\/05\/jenerator.jpg\" target=\"_blank\" data-rel=\"prettyPhoto[ui--gallery-1]\"><img loading=\"lazy\" decoding=\"async\" width=\"400\" height=\"301\" src=\"http:\/\/volkanjenerator.com.tr\/wp-content\/uploads\/2025\/05\/jenerator.jpg\" class=\"attachment-custom_500x500x1 size-custom_500x500x1\" alt=\"\" srcset=\"http:\/\/volkanjenerator.com.tr\/wp-content\/uploads\/2025\/05\/jenerator.jpg 400w, http:\/\/volkanjenerator.com.tr\/wp-content\/uploads\/2025\/05\/jenerator-300x226.jpg 300w\" sizes=\"auto, (max-width: 400px) 100vw, 400px\" \/><div class=\"ui--gallery-overlay\"><div class=\"center\"><span class=\"btn btn-normal btn-icon-left btn-grey ui--animation\" href=\"#\" style=\"\"><i class=\"ui--icon fontawesome-fullscreen\"><\/i><\/span> <\/div><\/div><\/a><\/div><\/div><\/div> \n\n <div   class=\"ui-column span4\"><div class=\"ui--gallery-item ui--animation\"><div class=\"inner\"><a href=\"http:\/\/volkanjenerator.com.tr\/wp-content\/uploads\/2025\/05\/Generator-PNG-File.png\" target=\"_blank\" data-rel=\"prettyPhoto[ui--gallery-1]\"><img loading=\"lazy\" decoding=\"async\" width=\"500\" height=\"372\" src=\"http:\/\/volkanjenerator.com.tr\/wp-content\/uploads\/2025\/05\/Generator-PNG-File.png\" class=\"attachment-custom_500x500x1 size-custom_500x500x1\" alt=\"\" srcset=\"http:\/\/volkanjenerator.com.tr\/wp-content\/uploads\/2025\/05\/Generator-PNG-File.png 500w, http:\/\/volkanjenerator.com.tr\/wp-content\/uploads\/2025\/05\/Generator-PNG-File-300x223.png 300w\" sizes=\"auto, (max-width: 500px) 100vw, 500px\" \/><div class=\"ui--gallery-overlay\"><div class=\"center\"><span class=\"btn btn-normal btn-icon-left btn-grey ui--animation\" href=\"#\" style=\"\"><i class=\"ui--icon fontawesome-fullscreen\"><\/i><\/span> <\/div><\/div><\/a><\/div><\/div><\/div> \n\n <div   class=\"ui-column span4\"><div class=\"ui--gallery-item ui--animation\"><div class=\"inner\"><a href=\"http:\/\/volkanjenerator.com.tr\/wp-content\/uploads\/2025\/05\/shutterstock_115576399.jpg\" target=\"_blank\" data-rel=\"prettyPhoto[ui--gallery-1]\"><img loading=\"lazy\" decoding=\"async\" width=\"360\" height=\"317\" src=\"http:\/\/volkanjenerator.com.tr\/wp-content\/uploads\/2025\/05\/shutterstock_115576399.jpg\" class=\"attachment-custom_500x500x1 size-custom_500x500x1\" alt=\"\" srcset=\"http:\/\/volkanjenerator.com.tr\/wp-content\/uploads\/2025\/05\/shutterstock_115576399.jpg 360w, http:\/\/volkanjenerator.com.tr\/wp-content\/uploads\/2025\/05\/shutterstock_115576399-300x264.jpg 300w\" sizes=\"auto, (max-width: 360px) 100vw, 360px\" \/><div class=\"ui--gallery-overlay\"><div class=\"center\"><span class=\"btn btn-normal btn-icon-left btn-grey ui--animation\" href=\"#\" style=\"\"><i class=\"ui--icon fontawesome-fullscreen\"><\/i><\/span> <\/div><\/div><\/a><\/div><\/div><\/div> \n\n<\/div> \n<\/div><div class=\"clearfix\"><\/div><\/div><\/div> \n\n<\/div> \n<div  class=\"ui--divider ui--animation clearfix ui--divider-dashed-line fullwidth-content\" style=\"margin-bottom: 48px;\"><\/div><div  class=\"fullwidth-content ui--section clearfix\" style=\"margin-top: 42px;  margin-bottom: -12px;\"><div  class=\"ui--section-content\"><div class=\"container\"><div  class=\"ui--animation-in make--fx--appear ui--pass clearfix\" data-fx=\"fx--appear\" data-delay=\"150\" data-start-delay=\"0\"><div class=\"ui--client-list-wrapper ui--animation ui-row clearfix\"><div class=\"ui--client-list ui--box ui-row clearfix\" data-options=\"{&quot;effect&quot;:&quot;slide&quot;,&quot;auto_rotate&quot;:&quot;0&quot;,&quot;animation_loop&quot;:&quot;0&quot;,&quot;rotate_time&quot;:0,&quot;arrows&quot;:false,&quot;disable_on_mobile&quot;:false}\"><div class=\"ui-row row\">\n <div   class=\"ui-column span3\"><div class=\"ui--client ui--carousel-item\"><img decoding=\"async\" src=\"http:\/\/volkanjenerator.com.tr\/wp-content\/uploads\/2025\/05\/aksa-jenerator-logo.png\" alt=\"\" title=\"\" class=\"ui--animation\"><\/div><div class=\"vertical-divider\"><\/div><\/div> \n\n <div   class=\"ui-column span3\"><div class=\"ui--client ui--carousel-item\"><img decoding=\"async\" src=\"http:\/\/volkanjenerator.com.tr\/wp-content\/uploads\/2025\/05\/genpower_logo.jpg\" alt=\"\" title=\"\" class=\"ui--animation\"><\/div><div class=\"vertical-divider\"><\/div><\/div> \n\n <div   class=\"ui-column span3\"><div class=\"ui--client ui--carousel-item\"><img decoding=\"async\" src=\"http:\/\/volkanjenerator.com.tr\/wp-content\/uploads\/2025\/05\/emsa-jenerator-logo.png\" alt=\"\" title=\"\" class=\"ui--animation\"><\/div><div class=\"vertical-divider\"><\/div><\/div> \n\n <div   class=\"ui-column span3\"><div class=\"ui--client ui--carousel-item\"><img decoding=\"async\" src=\"http:\/\/volkanjenerator.com.tr\/wp-content\/uploads\/2025\/05\/isbir.jpg\" alt=\"\" title=\"\" class=\"ui--animation\"><\/div><div class=\"vertical-divider\"><\/div><\/div> \n\n<\/div> \n<div class=\"ui-row row\">\n <div   class=\"ui-column span3\"><div class=\"ui--client ui--carousel-item\"><img decoding=\"async\" src=\"http:\/\/volkanjenerator.com.tr\/wp-content\/uploads\/2025\/05\/Caterpillar-logo-logotype.webp\" alt=\"\" title=\"\" class=\"ui--animation\"><\/div><div class=\"vertical-divider\"><\/div><\/div> \n\n <div   class=\"ui-column span3\"><div class=\"ui--client ui--carousel-item\"><img decoding=\"async\" src=\"http:\/\/volkanjenerator.com.tr\/wp-content\/uploads\/2025\/05\/images.png\" alt=\"\" title=\"\" class=\"ui--animation\"><\/div><div class=\"vertical-divider\"><\/div><\/div> \n\n <div   class=\"ui-column span3\"><div class=\"ui--client ui--carousel-item\"><img decoding=\"async\" src=\"http:\/\/volkanjenerator.com.tr\/wp-content\/uploads\/2025\/05\/1280px-Mtu_logo.svg_.png\" alt=\"\" title=\"\" class=\"ui--animation\"><\/div><div class=\"vertical-divider\"><\/div><\/div> \n\n <div   class=\"ui-column span3\"><div class=\"ui--client ui--carousel-item\"><img decoding=\"async\" src=\"http:\/\/volkanjenerator.com.tr\/wp-content\/uploads\/2025\/05\/xp-40.png\" alt=\"\" title=\"\" class=\"ui--animation\"><\/div><div class=\"vertical-divider\"><\/div><\/div> \n\n<\/div> \n<div class=\"ui-row row\">\n <div   class=\"ui-column span3\"><div class=\"ui--client ui--carousel-item\"><img decoding=\"async\" src=\"http:\/\/volkanjenerator.com.tr\/wp-content\/uploads\/2025\/05\/5842f193a6515b1e0ad75b1f.png\" alt=\"\" title=\"\" class=\"ui--animation\"><\/div><div class=\"vertical-divider\"><\/div><\/div> \n\n <div   class=\"ui-column span3\"><div class=\"ui--client ui--carousel-item\"><img decoding=\"async\" src=\"http:\/\/volkanjenerator.com.tr\/wp-content\/uploads\/2025\/05\/indir.png\" alt=\"\" title=\"\" class=\"ui--animation\"><\/div><div class=\"vertical-divider\"><\/div><\/div> \n\n <div   class=\"ui-column span3\"><div class=\"ui--client ui--carousel-item\"><img decoding=\"async\" src=\"http:\/\/volkanjenerator.com.tr\/wp-content\/uploads\/2025\/05\/volvo_penta_logo-300x109-600x315-1.png\" alt=\"\" title=\"\" class=\"ui--animation\"><\/div><div class=\"vertical-divider\"><\/div><\/div> \n\n <div   class=\"ui-column span3\"><div class=\"ui--client ui--carousel-item\"><img decoding=\"async\" src=\"http:\/\/volkanjenerator.com.tr\/wp-content\/uploads\/2025\/05\/Ford_logo_flat.svg_.png\" alt=\"\" title=\"\" class=\"ui--animation\"><\/div><div class=\"vertical-divider\"><\/div><\/div> \n\n<\/div> \n<\/div><div class=\"ui--shadow ui--shadow-type-2  clearfix\"><img decoding=\"async\" src=\"http:\/\/volkanjenerator.com.tr\/wp-content\/themes\/envision\/includes\/modules\/module.shadow\/shadows\/shadow-2.png\" alt=\"shadow\" \/><\/div><\/div><\/div><\/div><\/div><\/div><!-- \/.fullwidth-container -->","protected":false},"excerpt":{"rendered":"<p>Alibeyk\u00f6y Jenerat\u00f6r Servisi Avc\u0131lar Jenerat\u00f6r Servisi Ba\u011fc\u0131lar Jenerat\u00f6r Servisi Ba\u015fak\u015fehir Jenerat\u00f6r Servisi Be\u015fikta\u015f Jenerat\u00f6r Servisi Beylikd\u00fcz\u00fc Jenerat\u00f6r Servisi Beyo\u011flu Jenerat\u00f6r Servisi B\u00fcy\u00fck\u00e7ekmece Jenerat\u00f6r Servisi Esenler Jenerat\u00f6r Servisi Esenyurt Jenerat\u00f6r Servisi \u0130kitelli Jenerat\u00f6r Servisi Kad\u0131k\u00f6y Jenerat\u00f6r Servisi Ka\u011f\u0131thaneJenerat\u00f6r Servisi Kartal Jenerat\u00f6r Servisi K\u00fc\u00e7\u00fck\u00e7ekmece Jenerat\u00f6r Servisi Maltepe Jenerat\u00f6r Servisi Sar\u0131yer Jenerat\u00f6r Servisi \u015ei\u015fli Jenerat\u00f6r Servisi \u00dcmraniye Jenerat\u00f6r [&hellip;]<\/p>\n","protected":false},"author":1,"featured_media":0,"parent":0,"menu_order":0,"comment_status":"closed","ping_status":"closed","template":"","meta":{"footnotes":""},"class_list":["post-1438","page","type-page","status-publish","hentry"],"_links":{"self":[{"href":"http:\/\/volkanjenerator.com.tr\/index.php?rest_route=\/wp\/v2\/pages\/1438","targetHints":{"allow":["GET"]}}],"collection":[{"href":"http:\/\/volkanjenerator.com.tr\/index.php?rest_route=\/wp\/v2\/pages"}],"about":[{"href":"http:\/\/volkanjenerator.com.tr\/index.php?rest_route=\/wp\/v2\/types\/page"}],"author":[{"embeddable":true,"href":"http:\/\/volkanjenerator.com.tr\/index.php?rest_route=\/wp\/v2\/users\/1"}],"replies":[{"embeddable":true,"href":"http:\/\/volkanjenerator.com.tr\/index.php?rest_route=%2Fwp%2Fv2%2Fcomments&post=1438"}],"version-history":[{"count":1,"href":"http:\/\/volkanjenerator.com.tr\/index.php?rest_route=\/wp\/v2\/pages\/1438\/revisions"}],"predecessor-version":[{"id":1439,"href":"http:\/\/volkanjenerator.com.tr\/index.php?rest_route=\/wp\/v2\/pages\/1438\/revisions\/1439"}],"wp:attachment":[{"href":"http:\/\/volkanjenerator.com.tr\/index.php?rest_route=%2Fwp%2Fv2%2Fmedia&parent=1438"}],"curies":[{"name":"wp","href":"https:\/\/api.w.org\/{rel}","templated":true}]}}